{"id":312,"date":"2014-02-14T15:18:17","date_gmt":"2014-02-14T13:18:17","guid":{"rendered":"http:\/\/associationdespsychologuesducher.org\/?page_id=312"},"modified":"2026-03-22T12:31:53","modified_gmt":"2026-03-22T10:31:53","slug":"page-dacceuil-agenda","status":"publish","type":"page","link":"https:\/\/associationdespsychologuesducher.org\/","title":{"rendered":"Accueil"},"content":{"rendered":"\n<div style=\"height:48px\" aria-hidden=\"true\" class=\"wp-block-spacer\"><\/div>\n\n\n\n<h2 class=\"wp-block-heading has-text-align-center has-text-color\" style=\"color:#197bc7\"><strong>B<\/strong>IENVENUE SUR LE SITE DE L&rsquo;ASSOCIATION DES PSYCHOLOGUES DU CHER<\/h2>\n\n\n\n<p class=\"has-text-align-center\"><span class=\"has-inline-color has-black-color\">Vous y trouverez des informations sur les \u00e9v\u00e9nements organis\u00e9s par l\u2019association, un annuaire des psychologues adh\u00e9rents, des offres d\u2019emplois, des informations sur des conf\u00e9rences \u00e0 venir\u2026 Bonne visite !<\/span><br \/><br \/>C&rsquo;est l&rsquo;heure de renouveler son adh\u00e9sion \u00e0 l&rsquo;association pour l&rsquo;ann\u00e9e 2026. Cliquez sur le lien ci-dessous pour acc\u00e9der au site qui permet d&rsquo;adh\u00e9rer : <a href=\"https:\/\/www.helloasso.com\/associations\/association-des-psychologues-du-cher\/adhesions\/adhesion-2026\">https:\/\/www.helloasso.com\/associations\/association-des-psychologues-du-cher\/adhesions\/adhesion-2026<\/a><\/p>\n\n\n\n<hr class=\"wp-block-separator has-css-opacity\"\/>\n\n\n\n<p class=\"has-text-align-center has-white-color has-text-color has-background has-link-color wp-elements-1ecf1940ada5ec3fb66097a8715da5f5\" style=\"background-color:#1406ad\"><strong>Vendredi 10 avril \u00e0 19h30<\/strong> : <strong>Soir\u00e9e regards crois\u00e9s <\/strong><br \/><strong><em>\u00ab\u00a0Perspectives socio-politiques, historiques et psychologiques sur le placement des enfants am\u00e9rindiens par les services de protection de l&rsquo;enfance \u00e9tats-uniens\u00a0\u00bb<\/em><\/strong><br \/><strong>Salle Jean de Berry \u00e0 la Maison des Associations de Bourges.<\/strong><br \/>Informations sur <strong><a href=\"https:\/\/associationdespsychologuesducher.org\/?page_id=1509\" data-type=\"page\" data-id=\"1509\"><span class=\"has-inline-color has-white-color\"><strong>Agenda de l&rsquo;AP<\/strong><\/span><\/a><\/strong><\/p>\n\n\n\n<p class=\"has-text-align-center has-white-color has-text-color has-background has-link-color wp-elements-f14131b132036e9b43d708e75a6e4764\" style=\"background-color:#1406ad\"><strong>\u00ab\u00a0Soir\u00e9es Livres\u00a0\u00bb Propos\u00e9es par l\u2019APC<\/strong><br \/>\u00c0 18h au Levrette Caf\u00e9 les vendredis 03 avril, 22 mai et 26 juin 2026 <br \/>Informations sur <strong><a href=\"https:\/\/associationdespsychologuesducher.org\/?page_id=1509\" data-type=\"page\" data-id=\"1509\"><span class=\"has-inline-color has-white-color\"><strong>Agenda de l&rsquo;AP<\/strong><\/span><\/a><\/strong><\/p>\n\n\n\n<p><\/p>\n\n\n\n<div style=\"height:33px\" aria-hidden=\"true\" class=\"wp-block-spacer\"><\/div>\n\n\n\n<hr class=\"wp-block-separator has-css-opacity\"\/>\n\n\n\n<div style=\"height:33px\" aria-hidden=\"true\" class=\"wp-block-spacer\"><\/div>\n\n\n\n<h2 class=\"wp-block-heading has-text-align-center has-blue-color has-text-color\"><strong>NOTRE ASSOCIATION :<\/strong><\/h2>\n\n\n\n<p class=\"has-text-align-center\"><span class=\"has-inline-color has-black-color\"><strong>Le but de notre association est avant tout la rencontre mutuelle des psychologues de notre d\u00e9partement.<\/strong> L&rsquo;adh\u00e9sion est r\u00e9serv\u00e9e aux psychologues dipl\u00f4m\u00e9s. Pour ceux qui acceptent, leurs noms et coordonn\u00e9es apparaissent dans notre <strong>annuaire en ligne<\/strong>. Nous organisons diff\u00e9rents temps tout au long de l\u2019ann\u00e9e, sous plusieurs formes : <strong>groupes de travail, conf\u00e9rences et soir\u00e9es \u00e0 th\u00e8mes<\/strong>. Nous essayons de diversifier les th\u00e8mes, les intervenants afin de rendre compte des diff\u00e9rents champs d\u2019intervention du psychologue. Retrouvez plus d&rsquo;informations \u00e0 travers nos diff\u00e9rents onglets :<\/span><\/p>\n\n\n\n<div class=\"wp-block-buttons is-horizontal is-content-justification-center is-layout-flex wp-container-core-buttons-is-layout-499968f5 wp-block-buttons-is-layout-flex\">\n<div class=\"wp-block-button\"><a class=\"wp-block-button__link has-white-color has-blue-background-color has-text-color has-background wp-element-button\" href=\"http:\/\/associationdespsychologuesducher.org\/?page_id=50\">Groupes de travail &#8211; Supervisions<\/a><\/div>\n\n\n\n<div class=\"wp-block-button\"><a class=\"wp-block-button__link has-white-color has-blue-background-color has-text-color has-background wp-element-button\" href=\"http:\/\/associationdespsychologuesducher.org\/?page_id=1509\">Agenda de l&rsquo;APC<\/a><\/div>\n\n\n\n<div class=\"wp-block-button\"><a class=\"wp-block-button__link has-white-color has-blue-background-color has-text-color has-background wp-element-button\" href=\"http:\/\/associationdespsychologuesducher.org\/?page_id=203\">Annuaire<\/a><\/div>\n\n\n\n<div class=\"wp-block-button\"><a class=\"wp-block-button__link has-white-color has-blue-background-color has-text-color has-background wp-element-button\" href=\"http:\/\/associationdespsychologuesducher.org\/?page_id=1426\">Devenir adh\u00e9rent<\/a><\/div>\n<\/div>\n\n\n\n<div style=\"height:33px\" aria-hidden=\"true\" class=\"wp-block-spacer\"><\/div>\n\n\n\n<p class=\"has-text-align-center\"><span class=\"has-inline-color has-black-color\">Vous pouvez aussi retrouver d&rsquo;autres informations quant \u00e0 des annonces dans le Cher, des conf\u00e9rences et colloques organis\u00e9s au national ou encore des liens utiles vers d&rsquo;autres associations ou initiatives locales. <\/span><\/p>\n\n\n\n<div class=\"wp-block-buttons is-horizontal is-content-justification-center is-layout-flex wp-container-core-buttons-is-layout-499968f5 wp-block-buttons-is-layout-flex\">\n<div class=\"wp-block-button\"><a class=\"wp-block-button__link has-white-color has-blue-background-color has-text-color has-background wp-element-button\" href=\"http:\/\/associationdespsychologuesducher.org\/?page_id=14\">Annonces<\/a><\/div>\n\n\n\n<div class=\"wp-block-button\"><a class=\"wp-block-button__link has-white-color has-blue-background-color has-text-color has-background wp-element-button\" href=\"http:\/\/associationdespsychologuesducher.org\/?page_id=18\">Conf\u00e9rences d&rsquo;ici et d&rsquo;ailleurs<\/a><\/div>\n\n\n\n<div class=\"wp-block-button\"><a class=\"wp-block-button__link has-white-color has-blue-background-color has-text-color has-background wp-element-button\" href=\"http:\/\/associationdespsychologuesducher.org\/?page_id=1412\">Liens utiles<\/a><\/div>\n<\/div>\n\n\n\n<div style=\"height:33px\" aria-hidden=\"true\" class=\"wp-block-spacer\"><\/div>\n\n\n\n<p class=\"has-text-align-center has-black-color has-text-color has-background\" style=\"background-color:#f8f5d0\"><em>Vous pouvez participer \u00e0 la vie de l&rsquo;association en nous relayant des informations (conf\u00e9rences, offres d&#8217;emploi&#8230;), en nous soumettant des id\u00e9es (conf\u00e9renciers, actualit\u00e9s) ou encore en venant pr\u00e9senter votre pratique professionnelle de psychologue ou votre institution lors de soir\u00e9e \u00e0 th\u00e8me. <strong>N&rsquo;h\u00e9sitez pas \u00e0 nous contacter par mail : psychologues18@hotmail.fr&nbsp;<\/strong><\/em><\/p>\n","protected":false},"excerpt":{"rendered":"<p>BIENVENUE SUR LE SITE DE L&rsquo;ASSOCIATION DES PSYCHOLOGUES DU CHER Vous y trouverez des informations sur les \u00e9v\u00e9nements organis\u00e9s par l\u2019association, un annuaire des psychologues adh\u00e9rents, des offres d\u2019emplois, des informations sur des conf\u00e9rences \u00e0 venir\u2026 Bonne visite ! C&rsquo;est &hellip; <a href=\"https:\/\/associationdespsychologuesducher.org\/\">Continuer la lecture <span class=\"meta-nav\">&rarr;<\/span><\/a><\/p>\n","protected":false},"author":2,"featured_media":0,"parent":0,"menu_order":0,"comment_status":"closed","ping_status":"open","template":"","meta":{"footnotes":""},"class_list":["post-312","page","type-page","status-publish","hentry"],"_links":{"self":[{"href":"https:\/\/associationdespsychologuesducher.org\/index.php?rest_route=\/wp\/v2\/pages\/312","targetHints":{"allow":["GET"]}}],"collection":[{"href":"https:\/\/associationdespsychologuesducher.org\/index.php?rest_route=\/wp\/v2\/pages"}],"about":[{"href":"https:\/\/associationdespsychologuesducher.org\/index.php?rest_route=\/wp\/v2\/types\/page"}],"author":[{"embeddable":true,"href":"https:\/\/associationdespsychologuesducher.org\/index.php?rest_route=\/wp\/v2\/users\/2"}],"replies":[{"embeddable":true,"href":"https:\/\/associationdespsychologuesducher.org\/index.php?rest_route=%2Fwp%2Fv2%2Fcomments&post=312"}],"version-history":[{"count":258,"href":"https:\/\/associationdespsychologuesducher.org\/index.php?rest_route=\/wp\/v2\/pages\/312\/revisions"}],"predecessor-version":[{"id":2026,"href":"https:\/\/associationdespsychologuesducher.org\/index.php?rest_route=\/wp\/v2\/pages\/312\/revisions\/2026"}],"wp:attachment":[{"href":"https:\/\/associationdespsychologuesducher.org\/index.php?rest_route=%2Fwp%2Fv2%2Fmedia&parent=312"}],"curies":[{"name":"wp","href":"https:\/\/api.w.org\/{rel}","templated":true}]}}