{"id":18,"date":"2012-08-21T15:39:10","date_gmt":"2012-08-21T13:39:10","guid":{"rendered":"http:\/\/associationdespsychologuesducher.org\/?page_id=18"},"modified":"2022-11-14T17:02:11","modified_gmt":"2022-11-14T15:02:11","slug":"informationsregiondepartement","status":"publish","type":"page","link":"https:\/\/associationdespsychologuesducher.org\/?page_id=18","title":{"rendered":"Conf\u00e9rences et Colloques d&rsquo;ici et d&rsquo;ailleurs"},"content":{"rendered":"\n<div style=\"height:20px\" aria-hidden=\"true\" class=\"wp-block-spacer\"><\/div>\n\n\n\n<p class=\"has-text-align-center has-white-color has-text-color has-background\" style=\"background-color:#696b6d\"><strong>Pour retrouver les \u00e9v\u00e8nements organis\u00e9s par notre Association des Psychologues du Cher, rendez-vous sur l&rsquo;onglet \u00ab\u00a0agenda de l&rsquo;APC\u00a0\u00bb<\/strong><\/p>\n\n\n\n<div style=\"height:34px\" aria-hidden=\"true\" class=\"wp-block-spacer\"><\/div>\n\n\n\n<p class=\"has-text-align-center has-background\" style=\"background-color:#fff8e0\"><strong>L&rsquo;association DirEnsemble organise un cycle de conf\u00e9rence dont la prochaine est <\/strong>:<\/p>\n\n\n\n<h2 class=\"has-text-align-center has-black-color has-text-color wp-block-heading\"><span style=\"color:#a814a8\" class=\"has-inline-color\">\u00ab\u00a0Comprendre et rep\u00e9rer les violences sexuelles et l&rsquo;inceste&#8230; Et envisager des pistes pour s\u2019en sortir.\u00a0\u00bb<\/span><\/h2>\n\n\n\n<ul class=\"wp-block-list\"><li><strong>Intervenant : Bruno CLAVIER<span style=\"color:#a814a8\" class=\"has-inline-color\"><\/span><\/strong>, psychanalyste, psychologue clinicien et professeur de psychologie<\/li><li><strong>Date :<\/strong> Mercredi 23 novembre 2022 \u00e0 18h <\/li><li><strong>Lieu :<\/strong> M\u00e9diath\u00e8que Equinoxe de Chateauroux <\/li><li><strong>Tarif :<\/strong> Gratuit. R\u00e9servation recommand\u00e9e<\/li><li><strong>Plus d&rsquo;informations :<\/strong> association DirEnsemble<\/li><\/ul>\n\n\n\n<div data-wp-interactive=\"core\/file\" class=\"wp-block-file aligncenter\"><object data-wp-bind--hidden=\"!state.hasPdfPreview\" hidden class=\"wp-block-file__embed\" data=\"http:\/\/associationdespsychologuesducher.org\/wp-content\/uploads\/conf-dirensemble-definitif-au-24-oct.pdf\" type=\"application\/pdf\" style=\"width:100%;height:600px\" aria-label=\"Contenu embarqu\u00e9 Contenu embarqu\u00e9 conf-dirensemble-definitif-au-24-oct..\"><\/object><a href=\"http:\/\/associationdespsychologuesducher.org\/wp-content\/uploads\/conf-dirensemble-definitif-au-24-oct.pdf\">conf-dirensemble-definitif-au-24-oct<\/a><a href=\"http:\/\/associationdespsychologuesducher.org\/wp-content\/uploads\/conf-dirensemble-definitif-au-24-oct.pdf\" class=\"wp-block-file__button\" download>T\u00e9l\u00e9charger<\/a><\/div>\n\n\n\n<div style=\"height:83px\" aria-hidden=\"true\" class=\"wp-block-spacer\"><\/div>\n\n\n\n<p class=\"has-text-align-center has-background\" style=\"background-color:#fff8e0\"><strong>3 \u00e9v\u00e8nements pour f\u00eater les 150 de l&rsquo;association Addictions France<\/strong><\/p>\n\n\n\n<figure class=\"wp-block-image size-large\"><a href=\"http:\/\/associationdespsychologuesducher.org\/wp-content\/uploads\/Affiche-evenements-CVL-150-ans.png\"><img loading=\"lazy\" decoding=\"async\" width=\"768\" height=\"1024\" src=\"http:\/\/associationdespsychologuesducher.org\/wp-content\/uploads\/Affiche-evenements-CVL-150-ans-768x1024.png\" alt=\"\" class=\"wp-image-1807\" srcset=\"https:\/\/associationdespsychologuesducher.org\/wp-content\/uploads\/Affiche-evenements-CVL-150-ans-768x1024.png 768w, https:\/\/associationdespsychologuesducher.org\/wp-content\/uploads\/Affiche-evenements-CVL-150-ans-225x300.png 225w, https:\/\/associationdespsychologuesducher.org\/wp-content\/uploads\/Affiche-evenements-CVL-150-ans-1152x1536.png 1152w, https:\/\/associationdespsychologuesducher.org\/wp-content\/uploads\/Affiche-evenements-CVL-150-ans-1536x2048.png 1536w\" sizes=\"auto, (max-width: 768px) 100vw, 768px\" \/><\/a><\/figure>\n\n\n\n<div style=\"height:84px\" aria-hidden=\"true\" class=\"wp-block-spacer\"><\/div>\n\n\n\n<p class=\"has-text-align-center has-background\" style=\"background-color:#fff8e0\"><em>Toute information concernant les conf\u00e9rences, colloques ou journ\u00e9es d&rsquo;\u00e9tude \u00e0 venir peuvent \u00eatre relay\u00e9es sur ce site. Vous pouvez envoyer une annonce comprenant le titre, la date, le lieu et un contact par mail \u00e0 <a href=\"mailto:psychologues18@hotmail.fr\">psychologues18@hotmail.fr<\/a> <\/em><\/p>\n\n\n\n<div style=\"height:84px\" aria-hidden=\"true\" class=\"wp-block-spacer\"><\/div>\n\n\n\n<p><\/p>\n","protected":false},"excerpt":{"rendered":"<p>Pour retrouver les \u00e9v\u00e8nements organis\u00e9s par notre Association des Psychologues du Cher, rendez-vous sur l&rsquo;onglet \u00ab\u00a0agenda de l&rsquo;APC\u00a0\u00bb L&rsquo;association DirEnsemble organise un cycle de conf\u00e9rence dont la prochaine est : \u00ab\u00a0Comprendre et rep\u00e9rer les violences sexuelles et l&rsquo;inceste&#8230; Et envisager &hellip; <a href=\"https:\/\/associationdespsychologuesducher.org\/?page_id=18\">Continuer la lecture <span class=\"meta-nav\">&rarr;<\/span><\/a><\/p>\n","protected":false},"author":2,"featured_media":0,"parent":0,"menu_order":1,"comment_status":"closed","ping_status":"closed","template":"","meta":{"footnotes":""},"class_list":["post-18","page","type-page","status-publish","hentry"],"_links":{"self":[{"href":"https:\/\/associationdespsychologuesducher.org\/index.php?rest_route=\/wp\/v2\/pages\/18","targetHints":{"allow":["GET"]}}],"collection":[{"href":"https:\/\/associationdespsychologuesducher.org\/index.php?rest_route=\/wp\/v2\/pages"}],"about":[{"href":"https:\/\/associationdespsychologuesducher.org\/index.php?rest_route=\/wp\/v2\/types\/page"}],"author":[{"embeddable":true,"href":"https:\/\/associationdespsychologuesducher.org\/index.php?rest_route=\/wp\/v2\/users\/2"}],"replies":[{"embeddable":true,"href":"https:\/\/associationdespsychologuesducher.org\/index.php?rest_route=%2Fwp%2Fv2%2Fcomments&post=18"}],"version-history":[{"count":215,"href":"https:\/\/associationdespsychologuesducher.org\/index.php?rest_route=\/wp\/v2\/pages\/18\/revisions"}],"predecessor-version":[{"id":1832,"href":"https:\/\/associationdespsychologuesducher.org\/index.php?rest_route=\/wp\/v2\/pages\/18\/revisions\/1832"}],"wp:attachment":[{"href":"https:\/\/associationdespsychologuesducher.org\/index.php?rest_route=%2Fwp%2Fv2%2Fmedia&parent=18"}],"curies":[{"name":"wp","href":"https:\/\/api.w.org\/{rel}","templated":true}]}}