{"id":1626,"date":"2021-01-18T23:23:24","date_gmt":"2021-01-18T21:23:24","guid":{"rendered":"http:\/\/associationdespsychologuesducher.org\/?page_id=1626"},"modified":"2025-03-23T19:56:35","modified_gmt":"2025-03-23T17:56:35","slug":"secteur-travail-sante-social","status":"publish","type":"page","link":"https:\/\/associationdespsychologuesducher.org\/?page_id=1626","title":{"rendered":"Secteur Travail Sant\u00e9 Social"},"content":{"rendered":"\n<p style=\"background-color:#fff3e0\" class=\"has-background\"><em><strong>Pr\u00e9ambule<\/strong> : La mise en ligne des noms et adresses est soumise \u00e0 autorisation \u00e9crite des professionnels qui sont adh\u00e9rents \u00e0 l&rsquo;association des psychologues du Cher. Tout changement de la part des int\u00e9ress\u00e9s peut \u00eatre communiqu\u00e9 \u00e0 l&rsquo;association : <a href=\"mailto:psychologues18@hotmail.fr\">psychologues18@hotmail.fr<\/a> <\/em><\/p>\n\n\n\n<div style=\"height:28px\" aria-hidden=\"true\" class=\"wp-block-spacer\"><\/div>\n\n\n\n<h1 class=\"wp-block-heading has-text-align-center has-text-color\" style=\"color:#157ccb\">Secteur Psychologie du travail<\/h1>\n\n\n\n<div style=\"height:28px\" aria-hidden=\"true\" class=\"wp-block-spacer\"><\/div>\n\n\n\n<h1 class=\"wp-block-heading has-text-align-center has-text-color\" style=\"color:#157ccb\">Secteur Sant\u00e9<\/h1>\n\n\n\n<div style=\"height:28px\" aria-hidden=\"true\" class=\"wp-block-spacer\"><\/div>\n\n\n\n<h2 class=\"wp-block-heading\">ANGOT Lucie<\/h2>\n\n\n\n<ul class=\"wp-block-list\">\n<li>Psychologue clinicienne<\/li>\n\n\n\n<li>Prise en charge en oncologie et en cardiologie<\/li>\n\n\n\n<li><strong>Contact\u00a0:<\/strong> CH J. Coeur, 145 avenue F. Mitterand, 18000 Bourges \u2013 02 48 48 57 97 \u2013 lucie.angot@ch-bourges.fr<\/li>\n<\/ul>\n\n\n\n<div style=\"height:28px\" aria-hidden=\"true\" class=\"wp-block-spacer\"><\/div>\n\n\n\n<div style=\"height:28px\" aria-hidden=\"true\" class=\"wp-block-spacer\"><\/div>\n\n\n\n<div style=\"height:28px\" aria-hidden=\"true\" class=\"wp-block-spacer\"><\/div>\n\n\n\n<div style=\"height:28px\" aria-hidden=\"true\" class=\"wp-block-spacer\"><\/div>\n\n\n\n<h1 class=\"wp-block-heading has-text-align-center has-text-color\" style=\"color:#157ccb\">Secteur Social et Familial<\/h1>\n\n\n\n<div style=\"height:28px\" aria-hidden=\"true\" class=\"wp-block-spacer\"><\/div>\n\n\n\n<h2 class=\"wp-block-heading\">COPELLO Julie<\/h2>\n\n\n\n<ul class=\"wp-block-list\">\n<li>Psychologue clinicienne<\/li>\n\n\n\n<li>Soutien \u00e0 la parentalit\u00e9 et accompagnement enfants\/adolescents<\/li>\n\n\n\n<li>Protection de l&rsquo;Enfance<\/li>\n\n\n\n<li><strong>Contact\u00a0:<\/strong> Maison D\u00e9partementale d&rsquo;Action Sociale Sud, 155 rue Giraudoux, 18200 Saint Amand \u2013 02 18 87 27 01 \u2013 <a href=\"mailto:julie.copello@departement18.fr\">julie.copello@departement18.fr<\/a><\/li>\n<\/ul>\n\n\n\n<div style=\"height:28px\" aria-hidden=\"true\" class=\"wp-block-spacer\"><\/div>\n\n\n\n<h2 class=\"wp-block-heading\"><strong>GROS C\u00e9cilie<\/strong><\/h2>\n\n\n\n<ul class=\"wp-block-list\">\n<li>Psychologue<\/li>\n\n\n\n<li>Adoption\u00a0; agr\u00e9ment famille d&rsquo;accueil\u00a0; centre de planification<\/li>\n\n\n\n<li><strong>Contact : <\/strong>Conseil D\u00e9partemental, rue Heurtault de Lamerville, 18000 Bourges \u2013 02 48 55 82 05 \u2013 <a href=\"mailto:cecilie.gros@departement18.fr\">cecilie.gros@departement18.fr<\/a><\/li>\n<\/ul>\n\n\n\n<div style=\"height:28px\" aria-hidden=\"true\" class=\"wp-block-spacer\"><\/div>\n\n\n\n<h2 class=\"wp-block-heading\">MERLIN Camille<\/h2>\n\n\n\n<ul class=\"wp-block-list\">\n<li>Psychologue clinicienne<\/li>\n\n\n\n<li>Exerce au sein du SAMED \u00e0 l&rsquo;Aide Sociale \u00e0 l&rsquo;Enfance<\/li>\n\n\n\n<li>Participation \u00e0 l&rsquo;\u00e9valuation de l&rsquo;entr\u00e9e dans le dispositif<\/li>\n\n\n\n<li>Conduites d&rsquo;entretiens aupr\u00e8s des familles, parents, enfants<\/li>\n\n\n\n<li>R\u00e9gulation au sein des \u00e9quipes<\/li>\n\n\n\n<li><strong>Contact\u00a0:<\/strong> Direction enfance et famille, rue Heurtault de Lamerville, 18000 Bourges \u2013 02 48 55 44 55 \u2013 <a href=\"mailto:camille.merlin@departement18.fr\">camille.merlin@departement18.fr<\/a><\/li>\n<\/ul>\n\n\n\n<div style=\"height:28px\" aria-hidden=\"true\" class=\"wp-block-spacer\"><\/div>\n\n\n\n<p><\/p>\n","protected":false},"excerpt":{"rendered":"<p>Secteur Psychologie du travail Secteur Sant\u00e9 ANGOT Lucie Secteur Social et Familial COPELLO Julie GROS C\u00e9cilie MERLIN Camille<\/p>\n","protected":false},"author":2,"featured_media":0,"parent":0,"menu_order":0,"comment_status":"closed","ping_status":"closed","template":"","meta":{"footnotes":""},"class_list":["post-1626","page","type-page","status-publish","hentry"],"_links":{"self":[{"href":"https:\/\/associationdespsychologuesducher.org\/index.php?rest_route=\/wp\/v2\/pages\/1626","targetHints":{"allow":["GET"]}}],"collection":[{"href":"https:\/\/associationdespsychologuesducher.org\/index.php?rest_route=\/wp\/v2\/pages"}],"about":[{"href":"https:\/\/associationdespsychologuesducher.org\/index.php?rest_route=\/wp\/v2\/types\/page"}],"author":[{"embeddable":true,"href":"https:\/\/associationdespsychologuesducher.org\/index.php?rest_route=\/wp\/v2\/users\/2"}],"replies":[{"embeddable":true,"href":"https:\/\/associationdespsychologuesducher.org\/index.php?rest_route=%2Fwp%2Fv2%2Fcomments&post=1626"}],"version-history":[{"count":5,"href":"https:\/\/associationdespsychologuesducher.org\/index.php?rest_route=\/wp\/v2\/pages\/1626\/revisions"}],"predecessor-version":[{"id":1971,"href":"https:\/\/associationdespsychologuesducher.org\/index.php?rest_route=\/wp\/v2\/pages\/1626\/revisions\/1971"}],"wp:attachment":[{"href":"https:\/\/associationdespsychologuesducher.org\/index.php?rest_route=%2Fwp%2Fv2%2Fmedia&parent=1626"}],"curies":[{"name":"wp","href":"https:\/\/api.w.org\/{rel}","templated":true}]}}