{"id":1611,"date":"2021-01-18T22:46:01","date_gmt":"2021-01-18T20:46:01","guid":{"rendered":"http:\/\/associationdespsychologuesducher.org\/?page_id=1611"},"modified":"2025-07-05T10:18:12","modified_gmt":"2025-07-05T08:18:12","slug":"secteur-enfants-et-adolescents","status":"publish","type":"page","link":"https:\/\/associationdespsychologuesducher.org\/?page_id=1611","title":{"rendered":"Secteur enfants et adolescents"},"content":{"rendered":"\n<p style=\"background-color:#fff3e0\" class=\"has-background\"><em><strong>Pr\u00e9ambule<\/strong> : La mise en ligne des noms et adresses est soumise \u00e0 autorisation \u00e9crite des professionnels qui sont adh\u00e9rents \u00e0 l&rsquo;association des psychologues du Cher. Tout changement de la part des int\u00e9ress\u00e9s peut \u00eatre communiqu\u00e9 \u00e0 l&rsquo;association : <a href=\"mailto:psychologues18@hotmail.fr\">psychologues18@hotmail.fr<\/a> <\/em><\/p>\n\n\n\n<div style=\"height:28px\" aria-hidden=\"true\" class=\"wp-block-spacer\"><\/div>\n\n\n\n<h2 class=\"wp-block-heading\">BORSIER Anne-Sophie<\/h2>\n\n\n\n<ul class=\"wp-block-list\">\n<li>Psychologue clinicienne<\/li>\n\n\n\n<li>Entretiens et suivis psychologiques pour enfants et adolescents<\/li>\n\n\n\n<li>Travail et r\u00e9flexion clinique aupr\u00e8s des \u00e9quipes \u00e9ducatives<\/li>\n\n\n\n<li><strong>Contact&nbsp;<\/strong>: Orph\u00e9opolis, rue Hilaire Amagat, 18000 Bourges<\/li>\n<\/ul>\n\n\n\n<div style=\"height:28px\" aria-hidden=\"true\" class=\"wp-block-spacer\"><\/div>\n\n\n\n<h2 class=\"wp-block-heading\"><strong>DHERET Catherine<\/strong><\/h2>\n\n\n\n<ul class=\"wp-block-list\">\n<li>Psychologue clinicienne<\/li>\n\n\n\n<li>Consultations, bilans, suivis th\u00e9rapeutiques<\/li>\n\n\n\n<li><strong>Contact :<\/strong> P\u00f4le PMPEA, CHS George Sand, 77 rue Louis Mallet, 18000 Bourges \u2013 02 48 67 25 04 \u2013 catherine.dh\u00e9ret@ch-george-sand.fr<\/li>\n<\/ul>\n\n\n\n<div style=\"height:28px\" aria-hidden=\"true\" class=\"wp-block-spacer\"><\/div>\n\n\n\n<h2 class=\"wp-block-heading\">HOVASSE Hubert<\/h2>\n\n\n\n<ul class=\"wp-block-list\">\n<li>Psychologue clinicien, psychoth\u00e9rapeute<\/li>\n\n\n\n<li><strong>Contact&nbsp;<\/strong>: IME du GEDHIF, Chemin de Vouzay, 18000 Bourges &#8211; hubert.hovasse@gedhif.fr <\/li>\n<\/ul>\n\n\n\n<div style=\"height:28px\" aria-hidden=\"true\" class=\"wp-block-spacer\"><\/div>\n\n\n\n<h2 class=\"wp-block-heading\">SYLLA Olivier<\/h2>\n\n\n\n<ul class=\"wp-block-list\">\n<li>Psychologue clinicien \/ Psychoth\u00e9rapeute<\/li>\n\n\n\n<li>Accompagnement individuel enfants \u00e0 partir de 7 ans, adolescents, adultes<\/li>\n\n\n\n<li><strong>Contact\u00a0<\/strong>: 269 rue de la M\u00e9tairie, 18230 Saint Doulchard \u2013 07 44 95 24 95 \u2013 olivier.sylla@gmail.com<\/li>\n<\/ul>\n\n\n\n<div style=\"height:28px\" aria-hidden=\"true\" class=\"wp-block-spacer\"><\/div>\n\n\n\n<p><\/p>\n","protected":false},"excerpt":{"rendered":"<p>BORSIER Anne-Sophie DHERET Catherine HOVASSE Hubert SYLLA Olivier<\/p>\n","protected":false},"author":2,"featured_media":0,"parent":0,"menu_order":0,"comment_status":"closed","ping_status":"closed","template":"","meta":{"footnotes":""},"class_list":["post-1611","page","type-page","status-publish","hentry"],"_links":{"self":[{"href":"https:\/\/associationdespsychologuesducher.org\/index.php?rest_route=\/wp\/v2\/pages\/1611","targetHints":{"allow":["GET"]}}],"collection":[{"href":"https:\/\/associationdespsychologuesducher.org\/index.php?rest_route=\/wp\/v2\/pages"}],"about":[{"href":"https:\/\/associationdespsychologuesducher.org\/index.php?rest_route=\/wp\/v2\/types\/page"}],"author":[{"embeddable":true,"href":"https:\/\/associationdespsychologuesducher.org\/index.php?rest_route=\/wp\/v2\/users\/2"}],"replies":[{"embeddable":true,"href":"https:\/\/associationdespsychologuesducher.org\/index.php?rest_route=%2Fwp%2Fv2%2Fcomments&post=1611"}],"version-history":[{"count":8,"href":"https:\/\/associationdespsychologuesducher.org\/index.php?rest_route=\/wp\/v2\/pages\/1611\/revisions"}],"predecessor-version":[{"id":1990,"href":"https:\/\/associationdespsychologuesducher.org\/index.php?rest_route=\/wp\/v2\/pages\/1611\/revisions\/1990"}],"wp:attachment":[{"href":"https:\/\/associationdespsychologuesducher.org\/index.php?rest_route=%2Fwp%2Fv2%2Fmedia&parent=1611"}],"curies":[{"name":"wp","href":"https:\/\/api.w.org\/{rel}","templated":true}]}}