{"id":1597,"date":"2021-01-18T22:35:33","date_gmt":"2021-01-18T20:35:33","guid":{"rendered":"http:\/\/associationdespsychologuesducher.org\/?page_id=1597"},"modified":"2025-07-05T10:16:03","modified_gmt":"2025-07-05T08:16:03","slug":"secteur-liberal-2","status":"publish","type":"page","link":"https:\/\/associationdespsychologuesducher.org\/?page_id=1597","title":{"rendered":"Secteur Lib\u00e9ral"},"content":{"rendered":"\n<p style=\"background-color:#fff3e0\" class=\"has-background\"><em><strong>Pr\u00e9ambule<\/strong> : La mise en ligne des noms et adresses est soumise \u00e0 autorisation \u00e9crite des professionnels qui sont adh\u00e9rents \u00e0 l&rsquo;association des psychologues du Cher. Tout changement de la part des int\u00e9ress\u00e9s peut \u00eatre communiqu\u00e9 \u00e0 l&rsquo;association : <a href=\"mailto:psychologues18@hotmail.fr\">psychologues18@hotmail.fr<\/a> <\/em><\/p>\n\n\n\n<div style=\"height:28px\" aria-hidden=\"true\" class=\"wp-block-spacer\"><\/div>\n\n\n\n<h2 class=\"wp-block-heading has-black-color has-text-color\">BIBA Sophie<\/h2>\n\n\n\n<ul class=\"wp-block-list\">\n<li>Psychologue clinicienne, docteur en psychologie<\/li>\n\n\n\n<li>Th\u00e9rapie psychodynamique et th\u00e9rapie EMDR (enfants, adolescents et adultes)<\/li>\n\n\n\n<li>Sp\u00e9cialisation en clinique du traumatisme psychique, des addictions, de la migration<\/li>\n\n\n\n<li><strong>Contact :<\/strong> 6 rue Maurice Roy, 18000 <strong>Bourges<\/strong> &#8211; 07 67 50 85 73 &#8211; fierdepied@hotmail.com <\/li>\n<\/ul>\n\n\n\n<h2 class=\"wp-block-heading\"><\/h2>\n\n\n\n<div style=\"height:27px\" aria-hidden=\"true\" class=\"wp-block-spacer\"><\/div>\n\n\n\n<h2 class=\"wp-block-heading\">DU MANOIR MOREAU Sophie<\/h2>\n\n\n\n<ul class=\"wp-block-list\">\n<li>Psychologue clinicienne (Paris VII), psychanalyste <\/li>\n\n\n\n<li>Psychanalyses, psychoth\u00e9rapies, supervision individuelle<\/li>\n\n\n\n<li>Analyse de la pratique, groupe  <\/li>\n\n\n\n<li><strong>Contact&nbsp;:&nbsp;<\/strong>Taillefer, 18380 <strong>Presly<\/strong> \u2013 06 61 89 09 18 \u2013 sophiedumanoirmoreau@gmail.com     <\/li>\n<\/ul>\n\n\n\n<div style=\"height:27px\" aria-hidden=\"true\" class=\"wp-block-spacer\"><\/div>\n\n\n\n<h2 class=\"wp-block-heading\">ETIENNE Laure<\/h2>\n\n\n\n<ul class=\"wp-block-list\">\n<li>Psychologue clinicienne (Rennes II), psychoth\u00e9rapeute, psychanalyste <\/li>\n\n\n\n<li>Psychoth\u00e9rapies, psychanalyses pour enfants, adolescents et adultes<\/li>\n\n\n\n<li>Supervision d&rsquo;\u00e9quipes  <\/li>\n\n\n\n<li><strong>Contact&nbsp;:&nbsp;<\/strong>9 rue sous les ceps, 18000 <strong>Bourges<\/strong> \u2013 06 16 15 15 42 \u2013 lauretienne@yahoo.fr      <\/li>\n<\/ul>\n\n\n\n<div style=\"height:27px\" aria-hidden=\"true\" class=\"wp-block-spacer\"><\/div>\n\n\n\n<h2 class=\"wp-block-heading\">GIRAUDON St\u00e9phanie<\/h2>\n\n\n\n<ul class=\"wp-block-list\">\n<li>Psychologue clinicienne &#8211; Praticienne EMDR <\/li>\n\n\n\n<li>Th\u00e9rapie enfants, adolescents et adultes<\/li>\n\n\n\n<li>Bilans QI<\/li>\n\n\n\n<li><strong>Contact&nbsp;:<\/strong> 16 avenue d&rsquo;Issoudun, 18120 <strong>M\u00e9reau<\/strong> \u2013 07 67 95 25 04 &#8211; giraudon.psy@gmail.com <\/li>\n<\/ul>\n\n\n\n<div style=\"height:28px\" aria-hidden=\"true\" class=\"wp-block-spacer\"><\/div>\n\n\n\n<h2 class=\"wp-block-heading\"><strong>GROS C\u00e9cilie<\/strong><\/h2>\n\n\n\n<ul class=\"wp-block-list\">\n<li>Psychologue clinicienne<\/li>\n\n\n\n<li>Th\u00e9rapie de couple et de famille (orientation syst\u00e9mique)<\/li>\n\n\n\n<li>Prises en charge clinique (int\u00e9grative dominante analytique et syst\u00e9mique)<\/li>\n\n\n\n<li>P\u00e9rinatalit\u00e9, b\u00e9b\u00e9s, enfants, adolescents, adultes, parentalit\u00e9<\/li>\n\n\n\n<li><strong>Contact&nbsp;<\/strong>:&nbsp;72, route de la Chapelle, 18000 <strong>Bourges<\/strong> \u2013 06 48 66 19 87 &#8211; gros.cecilie@orange.fr <\/li>\n<\/ul>\n\n\n\n<div style=\"height:28px\" aria-hidden=\"true\" class=\"wp-block-spacer\"><\/div>\n\n\n\n<h2 class=\"wp-block-heading\"><strong>HOVASSE Hubert<\/strong><\/h2>\n\n\n\n<ul class=\"wp-block-list\">\n<li>Psychologue clinicien, psychoth\u00e9rapeute<\/li>\n\n\n\n<li>Psychoth\u00e9rapie &#8211; Supervision individuelle et de groupe <\/li>\n\n\n\n<li><strong>Contact&nbsp;:<\/strong> 19 rue Coursalon, 18000 <strong>Bourges<\/strong> \u2013 06 61 81 83 72 \u2013 <a href=\"mailto:hubert.hovasse@orange.fr\">hubert.hovasse@orange.fr<\/a><\/li>\n<\/ul>\n\n\n\n<div style=\"height:28px\" aria-hidden=\"true\" class=\"wp-block-spacer\"><\/div>\n\n\n\n<h2 class=\"wp-block-heading\">LOPEZ MINOTTI V\u00e9ronique<\/h2>\n\n\n\n<ul class=\"wp-block-list\">\n<li>Psychologue clinicienne, psychoth\u00e9rapeute, th\u00e9rapeute familiale psychanalytique<\/li>\n\n\n\n<li>Examen psychologique (enfants, adolescents)<\/li>\n\n\n\n<li>Psychoth\u00e9rapie individuelle, suivi enfants, adolescents et adultes<\/li>\n\n\n\n<li>M\u00e9diation th\u00e9rapie psychomotrice (enfants, adolescents)<\/li>\n\n\n\n<li>Th\u00e9rapie analytique, Membre de la Soci\u00e9t\u00e9 de Th\u00e9rapie Familiale Psychanalytique<\/li>\n\n\n\n<li>Suivi famille en groupe, approche p\u00e9rinatalit\u00e9<\/li>\n\n\n\n<li><strong>Contact :<\/strong> 9 rue Charles VII, 18000 <strong>Bourges<\/strong> \u2013 06 89 31 15 84 \u2013 <a href=\"mailto:lopezminotti.veronique@hotmail.com\">lopezminotti.veronique@hotmail.com<\/a><\/li>\n<\/ul>\n\n\n\n<div style=\"height:28px\" aria-hidden=\"true\" class=\"wp-block-spacer\"><\/div>\n\n\n\n<h2 class=\"wp-block-heading\">MAURICE Annabelle<\/h2>\n\n\n\n<ul class=\"wp-block-list\">\n<li>Psychologue clinicienne et psychoth\u00e9rapeute, dipl\u00f4m\u00e9e de l&rsquo;Universit\u00e9 Paris-Descartes<\/li>\n\n\n\n<li><strong>Contact&nbsp;:<\/strong> 26 bis rue des fr\u00e8res Lumi\u00e8re, 18570 <strong>Trouy<\/strong> \u2013 07 56 81 89 32<\/li>\n<\/ul>\n\n\n\n<div style=\"height:28px\" aria-hidden=\"true\" class=\"wp-block-spacer\"><\/div>\n\n\n\n<h2 class=\"wp-block-heading\">POUPIER Christophe<\/h2>\n\n\n\n<ul class=\"wp-block-list\">\n<li>Psychologue clinicien. <\/li>\n\n\n\n<li>Th\u00e9rapeute familial et de couple<\/li>\n\n\n\n<li>Accompagnement des couples et des familles \u00e0 leur domicile ou sur l&rsquo;espace Co&rsquo;Working<\/li>\n\n\n\n<li><strong>Contact :<\/strong>&nbsp;6 rue Maurice Roy, 18000 <strong>Bourges<\/strong> &#8211; 06 81 67 30 26&nbsp;\u2013 <a href=\"mailto:psychologue.poupier@gmail.com\">psychologue.poupier@gmail.com<\/a><\/li>\n<\/ul>\n\n\n\n<div style=\"height:28px\" aria-hidden=\"true\" class=\"wp-block-spacer\"><\/div>\n\n\n\n<h2 class=\"wp-block-heading\">PRAGNON DUBY Corinne<\/h2>\n\n\n\n<ul class=\"wp-block-list\">\n<li>Psychologue clinicienne, psychoth\u00e9rapeute<\/li>\n\n\n\n<li>Soutien \u00e0 vis\u00e9e psychoth\u00e9rapique aupr\u00e8s d&rsquo;adultes, d&rsquo;enfants<\/li>\n\n\n\n<li>Hypnoth\u00e9rapie et sophrologie<\/li>\n\n\n\n<li><strong>Contact :<\/strong>\u00a075 rue de Gionne, 18000 <strong>Bourges<\/strong> \u2013\u00a006 74 19 77 33 &#8211; corinne.pragnon18@gmail.com <\/li>\n<\/ul>\n\n\n\n<div style=\"height:28px\" aria-hidden=\"true\" class=\"wp-block-spacer\"><\/div>\n\n\n\n<h2 class=\"wp-block-heading\">SYLLA Olivier<\/h2>\n\n\n\n<ul class=\"wp-block-list\">\n<li>Psychologue clinicien \/ Psychoth\u00e9rapeute<\/li>\n\n\n\n<li>Accompagnement individuel enfants \u00e0 partir de 7 ans, adolescents, adultes<\/li>\n\n\n\n<li><strong>Contact\u00a0<\/strong>: 269 rue de la M\u00e9tairie, 18230 Saint Doulchard \u2013 07 44 95 24 95 &#8211; olivier.sylla@gmail.com<\/li>\n<\/ul>\n\n\n\n<p><\/p>\n","protected":false},"excerpt":{"rendered":"<p>BIBA Sophie DU MANOIR MOREAU Sophie ETIENNE Laure GIRAUDON St\u00e9phanie GROS C\u00e9cilie HOVASSE Hubert LOPEZ MINOTTI V\u00e9ronique MAURICE Annabelle POUPIER Christophe PRAGNON DUBY Corinne SYLLA Olivier<\/p>\n","protected":false},"author":2,"featured_media":0,"parent":0,"menu_order":0,"comment_status":"closed","ping_status":"closed","template":"","meta":{"footnotes":""},"class_list":["post-1597","page","type-page","status-publish","hentry"],"_links":{"self":[{"href":"https:\/\/associationdespsychologuesducher.org\/index.php?rest_route=\/wp\/v2\/pages\/1597","targetHints":{"allow":["GET"]}}],"collection":[{"href":"https:\/\/associationdespsychologuesducher.org\/index.php?rest_route=\/wp\/v2\/pages"}],"about":[{"href":"https:\/\/associationdespsychologuesducher.org\/index.php?rest_route=\/wp\/v2\/types\/page"}],"author":[{"embeddable":true,"href":"https:\/\/associationdespsychologuesducher.org\/index.php?rest_route=\/wp\/v2\/users\/2"}],"replies":[{"embeddable":true,"href":"https:\/\/associationdespsychologuesducher.org\/index.php?rest_route=%2Fwp%2Fv2%2Fcomments&post=1597"}],"version-history":[{"count":28,"href":"https:\/\/associationdespsychologuesducher.org\/index.php?rest_route=\/wp\/v2\/pages\/1597\/revisions"}],"predecessor-version":[{"id":1989,"href":"https:\/\/associationdespsychologuesducher.org\/index.php?rest_route=\/wp\/v2\/pages\/1597\/revisions\/1989"}],"wp:attachment":[{"href":"https:\/\/associationdespsychologuesducher.org\/index.php?rest_route=%2Fwp%2Fv2%2Fmedia&parent=1597"}],"curies":[{"name":"wp","href":"https:\/\/api.w.org\/{rel}","templated":true}]}}