{"id":1509,"date":"2020-05-10T08:04:00","date_gmt":"2020-05-10T06:04:00","guid":{"rendered":"http:\/\/associationdespsychologuesducher.org\/?page_id=1509"},"modified":"2026-03-22T12:42:48","modified_gmt":"2026-03-22T10:42:48","slug":"a-venir","status":"publish","type":"page","link":"https:\/\/associationdespsychologuesducher.org\/?page_id=1509","title":{"rendered":"Agenda de l&rsquo;APC"},"content":{"rendered":"\n<p><\/p>\n\n\n\n<p class=\"has-text-align-center has-background\" style=\"background-color:#cce3ff\"><strong>Vendredi 10 avril \u00e0 19h30 <\/strong><strong>Soir\u00e9e regards crois\u00e9s<\/strong><br \/><strong><em>\u00ab\u00a0Perspectives socio-politiques, historiques et psychologiques sur le placement des enfants am\u00e9rindiens par les services de protection de l&rsquo;enfance \u00e9tats-uniens\u00a0\u00bb<\/em><\/strong><\/p>\n\n\n\n<p><strong><em>Soir\u00e9e anim\u00e9e\u00a0par C\u00e9line PLANCHOU, <\/em><\/strong><em>Ma\u00eetre de conf\u00e9rences en civilisation am\u00e9ricaine, Universit\u00e9 Sorbonne Paris Nord, Pl\u00e9iade (UR 7338)<\/em> et <strong>Sophie FIERDEPIED-BIBA,<\/strong> Psychologue clinicienne et Docteure en Psychologie, apportera un regard psychologique sur les probl\u00e9matiques soulev\u00e9es par C\u00e9line Planchou.\u00a0<br \/><br \/>Salle Jean de Berry, Maison des Associations 28 rue Gambon, 18000 Bourges<br \/>Inscription sur place<br \/>Non adh\u00e9rents APC: 5\u20ac<br \/>Adh\u00e9rents APC 2026 \/ \u00e9tudiants : gratuit<strong><span style=\"color:#157bc9\" class=\"has-inline-color\"><\/span><\/strong><\/p>\n\n\n\n<p class=\"has-text-align-center has-background\" style=\"background-color:#cce3ff\"><strong>\u00ab\u00a0Soir\u00e9es Livres\u00a0\u00bb Propos\u00e9es par l\u2019APC<br \/>\u00c0 18h au Levrette Caf\u00e9 les vendredis 03 avril, 22 mai et 26 juin 2026<\/strong><\/p>\n\n\n\n<p>Vous pouvez venir librement avec un livre, un texte ou un article que vous souhaitez partager, et \u00e9changer dans un environnement convivial autour d\u2019un verre. Il est possible de pr\u00eater et de faire circuler les lectures. Si vous n\u2019en avez pas en ce moment, vous \u00eates bien s\u00fbr les bienvenus pour d\u00e9couvrir.<br \/><br \/>Au plaisir de vous y rencontrer\u00a0!<\/p>\n\n\n\n<hr class=\"wp-block-separator has-css-opacity\"\/>\n\n\n\n<p class=\"has-text-align-center has-background\" style=\"background-color:#cce3ff\"><span class=\"has-inline-color has-black-color\">Sans oublier les rencontres mensuelles du <strong>groupe de paroles pour psychologues<\/strong><span style=\"color:#157bc9\" class=\"has-inline-color\"><\/span> qui peuvent encore accueillir de nouvelles personnes.<\/span><\/p>\n\n\n\n<div style=\"height:30px\" aria-hidden=\"true\" class=\"wp-block-spacer\"><\/div>\n\n\n\n<hr class=\"wp-block-separator has-css-opacity\"\/>\n\n\n\n<p class=\"has-text-align-center has-black-color has-text-color has-background\" style=\"background-color:#fff4cc\"><span class=\"has-inline-color has-black-color\"><strong><em>Les derniers \u00e9v\u00e8nements :<\/em><\/strong><\/span><\/p>\n\n\n\n<p class=\"has-text-align-center has-background\" style=\"background-color:#cce3ff\"><strong>Mercredi 4 f\u00e9vrier 2026 \u00e0 19h30<\/strong><br \/>Assembl\u00e9e G\u00e9n\u00e9rale de l&rsquo;association<\/p>\n\n\n\n<p class=\"has-text-align-center has-background\" style=\"background-color:#cce3ff\"><strong>Vendredi 30 janvier 2026 \u00e0 20h30<\/strong><br \/>\u00ab\u00a0<strong>PSYCHOPATHOLOGIE DU SUJET CONTEMPORAIN<\/strong> <strong><em>Les d\u00e9fis de la clinique actuelle\u00a0\u00bb <\/em><\/strong>anim\u00e9e par Fr\u00e9d\u00e9ric TORDO et Albert CICCONE<\/p>\n\n\n\n<p class=\"has-text-align-center has-black-color has-text-color has-background\" style=\"background-color:#cce3ff\"><strong>Jeudi 2 octobre 2025 \u00e0 partir de 18h30<\/strong><br \/>Soir\u00e9e conviviale \u00e0 destination du r\u00e9seau des psychologues salle des Pr\u00e9ssavois \u00e0 Bourges<\/p>\n\n\n\n<p class=\"has-text-align-center has-black-color has-text-color has-background\" style=\"background-color:#cce3ff\"><strong><span class=\"has-inline-color has-black-color\"><strong>Jeudi 5 juin  9h-17h30<\/strong><br \/><strong><\/strong><strong><span class=\"has-inline-color has-black-color\"><strong><span class=\"has-inline-color has-black-color\">Colloque de g\u00e9rontologie 5 juin 2025 9h-17h30 <\/span><\/strong><\/span><\/strong><br \/><strong><span class=\"has-inline-color has-black-color\"><strong><span class=\"has-inline-color has-black-color\">\u00ab\u00a0Les M\u00e9diations th\u00e9rapeutiques aupr\u00e8s de la personne \u00e2g\u00e9e\u00a0\u00bb<\/span><\/strong><\/span><\/strong><\/span><\/strong><br \/>avec le R\u00e9seau des psychologues d&rsquo;EHPAD du Cher et en partenariat avec l&rsquo;EHPAD Bellevue<\/p>\n\n\n\n<p class=\"has-text-align-center has-black-color has-text-color has-background\" style=\"background-color:#cce3ff\"><strong><span class=\"has-inline-color has-black-color\"><strong>Jeudi 15 mai \u00e0 19h30<\/strong><br \/><strong>Conf\u00e9rence anim\u00e9e par Jean-Claude FONDRAS, M\u00e9decin et Docteur en Philiosophie <\/strong><br \/><strong>\u00a0\u00bb Sant\u00e9, bien-\u00eatre, bonheur &#8211; Ebauche d&rsquo;une enqu\u00eate philosophique\u00a0\u00bb<\/strong><br \/><strong>Amphi CH J.Coeur &#8211; Avenue Fran\u00e7ois Mitterrand \u00e0 Bourges<\/strong><\/span><\/strong><\/p>\n\n\n\n<p class=\"has-text-align-center has-black-color has-text-color has-background\" style=\"background-color:#cce3ff\"><strong><span class=\"has-inline-color has-black-color\">Conf\u00e9rence anim\u00e9e par&nbsp;<strong>Michel FRUITET<\/strong>, P\u00e9dopsychiatre, Psychanalyste, Membre fondateur Associations \u00ab&nbsp;Les artisans langagiers&nbsp;\u00bb et \u00ab&nbsp;Z\u00e9 te dessine&nbsp;\u00bb, Membre de l\u2019Association Europ\u00e9enne Nicolas ABRAHAM et Maria TOROK (AENAMT) vendredi 25 avril 2025 \u00e0 20h suivi d&rsquo;un atelier le samedi 26 avril<\/span><\/strong><\/p>\n\n\n\n<p class=\"has-text-align-center has-black-color has-text-color has-background\" style=\"background-color:#cce3ff\"><strong><span class=\"has-inline-color has-black-color\">Soir\u00e9e clinique par V\u00e9ronique Lopez Minotti : le mercredi 12 mars 2025 \u00e0 20h15<\/span><\/strong><\/p>\n\n\n\n<p class=\"has-text-align-center has-black-color has-text-color has-background\" style=\"background-color:#cce3ff\"><strong><span class=\"has-inline-color has-black-color\">Assembl\u00e9e g\u00e9n\u00e9rale 2025 de notre association : le mardi 28 janvier \u00e0 20h<\/span><\/strong><\/p>\n\n\n\n<p class=\"has-text-align-center has-black-color has-text-color has-background\" style=\"background-color:#cce3ff\"><strong><span class=\"has-inline-color has-black-color\">Soir\u00e9e conviviale autour de la profession : le jeudi 10 octobre \u00e0 20h<\/span><\/strong><\/p>\n\n\n\n<p class=\"has-text-align-left\"><strong><span style=\"color:#157bc9\" class=\"has-inline-color\"><\/span><\/strong><span class=\"has-inline-color has-black-color\">Nous avons organis\u00e9 une soir\u00e9e discussion sur l&rsquo;actualit\u00e9 de notre profession. Cette soir\u00e9e a \u00e9t\u00e9 anim\u00e9e par <\/span><strong>Fr\u00e9d\u00e9ric TORDO<\/strong><span class=\"has-inline-color has-black-color\">, psychologue clinicien, docteur en psychologie clinique et psychopathologie et cofondateur du Collectif Manifeste Psy. Nous avons abord\u00e9 le th\u00e8me \u00ab&nbsp;Le dispositif Mon Soutien Psy : une entreprise forc\u00e9e de para-m\u00e9dicalisation des psychologues&nbsp;\u00bb.<\/span><\/p>\n\n\n\n<div style=\"height:30px\" aria-hidden=\"true\" class=\"wp-block-spacer\"><\/div>\n\n\n\n<p class=\"has-text-align-center has-black-color has-text-color has-background\" style=\"background-color:#cce3ff\"><strong><span class=\"has-inline-color has-black-color\">Soir\u00e9e \u00e0 th\u00e8me : mardi 17 septembre 2024 \u00e0 20h<\/span><\/strong><\/p>\n\n\n\n<p><strong><span style=\"color:#157bc9\" class=\"has-inline-color\"><\/span>L&rsquo;association LGBTQIA+ Berry <\/strong>\u00e9tait l&rsquo;invit\u00e9 de cette soir\u00e9e \u00e0 th\u00e8me. Ses repr\u00e9sentants sont revenus revenus sur la pr\u00e9sentation et la d\u00e9finition des terminologies, des significations et des concepts. Ils nous ont aussi pr\u00e9senter leurs activit\u00e9s afin de guider au mieux nos orientations de patients.<span class=\"has-inline-color has-black-color\"><\/span><\/p>\n\n\n\n<div style=\"height:30px\" aria-hidden=\"true\" class=\"wp-block-spacer\"><\/div>\n\n\n\n<p class=\"has-text-align-center has-black-color has-text-color has-background\" style=\"background-color:#cce3ff\"><strong>Conf\u00e9rence du <span class=\"has-inline-color has-black-color\">16 mai 2024 <\/span><\/strong><\/p>\n\n\n\n<p><strong><span style=\"color:#157bc9\" class=\"has-inline-color\"><\/span><\/strong><span class=\"has-inline-color has-black-color\"><strong>Florence BARUCH<\/strong>, psychologue clinicienne, th\u00e9rapeute psychanalytique de groupe, du couple et de la famille a anim\u00e9 une conf\u00e9rence intitul\u00e9e <strong>\u00ab&nbsp;La violence conjugale, le couple et la famille : De la fusion \u00e0 l&rsquo;individuation en passant par une travers\u00e9e vers les anc\u00eatres \u00bb<\/strong>.<span class=\"has-inline-color has-black-color\"><\/span><\/span><\/p>\n\n\n\n<div style=\"height:30px\" aria-hidden=\"true\" class=\"wp-block-spacer\"><\/div>\n\n\n\n<p class=\"has-text-align-center has-black-color has-text-color has-background\" style=\"background-color:#cce3ff\"><span class=\"has-inline-color has-black-color\"><strong>Soir\u00e9e \u00e0 th\u00e8me du <\/strong><\/span><strong>5 d\u00e9cembre 2023<\/strong><\/p>\n\n\n\n<p><strong><span style=\"color:#157bc9\" class=\"has-inline-color\"><\/span>Christophe POUPIER<\/strong>, psychologue, et <strong>Cindy BEILLARD<\/strong>, Cheffe de service, exer\u00e7ant tous les deux au sein de la Maison des Adolescents de Bourges, nous ont fait le plaisir de nous pr\u00e9senter : <strong>\u00ab\u00a0Les programmes Reflex et GO \u00e0 la Maison des Adolescents\u00a0\u00bb<\/strong><span class=\"has-inline-color has-black-color\">  <\/span><\/p>\n\n\n\n<div style=\"height:30px\" aria-hidden=\"true\" class=\"wp-block-spacer\"><\/div>\n\n\n\n<p class=\"has-text-align-center has-black-color has-text-color has-background\" style=\"background-color:#cce3ff\"><span class=\"has-inline-color has-black-color\"><strong>Temps convivial entre adh\u00e9rents &#8211; pot de re<\/strong><\/span><strong><span class=\"has-inline-color has-black-color\">ntr\u00e9e<\/span> du 5 octobre 2023<\/strong><\/p>\n\n\n\n<p class=\"has-text-align-center\"><span class=\"has-inline-color has-black-color\">Le <strong>jeudi 5 octobre 2023<\/strong> a eu lieu une soir\u00e9e conviviale entre psychologues au sein de l&rsquo;association pour se rencontrer et partager sur l&rsquo;actualit\u00e9 de la profession<\/span><\/p>\n\n\n\n<div style=\"height:30px\" aria-hidden=\"true\" class=\"wp-block-spacer\"><\/div>\n\n\n\n<p class=\"has-text-align-center has-black-color has-text-color has-background\" style=\"background-color:#cce3ff\"><span class=\"has-inline-color has-black-color\"><strong>Conf\u00e9renc<\/strong><\/span><strong><span class=\"has-inline-color has-black-color\">e du <\/span>jeudi 14 septembre 2023<\/strong><\/p>\n\n\n\n<p><strong><span style=\"color:#157bc9\" class=\"has-inline-color\"><\/span><\/strong><span class=\"has-inline-color has-black-color\"><strong>H\u00e9l\u00e8ne ROMANO<\/strong>, docteur en psychopathologie-HDR, docteur en droit priv\u00e9 et sciences criminelles, psychoth\u00e9rapeute sp\u00e9cialis\u00e9e sur la prise en charge des bless\u00e9s psychiques, nous a fait le plaisir d&rsquo;intervenir dans une conf\u00e9rence intitul\u00e9e :  <strong>\u00ab La violence \u00e0 l\u2019\u00e9cole et son expression latente (maltraitance, violences intrafamiliales, autres types de violence) \u00bb<\/strong><\/span><\/p>\n\n\n\n<div style=\"height:25px\" aria-hidden=\"true\" class=\"wp-block-spacer\"><\/div>\n\n\n\n<p class=\"has-text-align-center\"><\/p>\n","protected":false},"excerpt":{"rendered":"<p>Vendredi 10 avril \u00e0 19h30 Soir\u00e9e regards crois\u00e9s\u00ab\u00a0Perspectives socio-politiques, historiques et psychologiques sur le placement des enfants am\u00e9rindiens par les services de protection de l&rsquo;enfance \u00e9tats-uniens\u00a0\u00bb Soir\u00e9e anim\u00e9e\u00a0par C\u00e9line PLANCHOU, Ma\u00eetre de conf\u00e9rences en civilisation am\u00e9ricaine, Universit\u00e9 Sorbonne Paris Nord, &hellip; <a href=\"https:\/\/associationdespsychologuesducher.org\/?page_id=1509\">Continuer la lecture <span class=\"meta-nav\">&rarr;<\/span><\/a><\/p>\n","protected":false},"author":2,"featured_media":0,"parent":0,"menu_order":0,"comment_status":"closed","ping_status":"closed","template":"","meta":{"footnotes":""},"class_list":["post-1509","page","type-page","status-publish","hentry"],"_links":{"self":[{"href":"https:\/\/associationdespsychologuesducher.org\/index.php?rest_route=\/wp\/v2\/pages\/1509","targetHints":{"allow":["GET"]}}],"collection":[{"href":"https:\/\/associationdespsychologuesducher.org\/index.php?rest_route=\/wp\/v2\/pages"}],"about":[{"href":"https:\/\/associationdespsychologuesducher.org\/index.php?rest_route=\/wp\/v2\/types\/page"}],"author":[{"embeddable":true,"href":"https:\/\/associationdespsychologuesducher.org\/index.php?rest_route=\/wp\/v2\/users\/2"}],"replies":[{"embeddable":true,"href":"https:\/\/associationdespsychologuesducher.org\/index.php?rest_route=%2Fwp%2Fv2%2Fcomments&post=1509"}],"version-history":[{"count":74,"href":"https:\/\/associationdespsychologuesducher.org\/index.php?rest_route=\/wp\/v2\/pages\/1509\/revisions"}],"predecessor-version":[{"id":2030,"href":"https:\/\/associationdespsychologuesducher.org\/index.php?rest_route=\/wp\/v2\/pages\/1509\/revisions\/2030"}],"wp:attachment":[{"href":"https:\/\/associationdespsychologuesducher.org\/index.php?rest_route=%2Fwp%2Fv2%2Fmedia&parent=1509"}],"curies":[{"name":"wp","href":"https:\/\/api.w.org\/{rel}","templated":true}]}}