{"id":1440,"date":"2020-04-20T22:28:23","date_gmt":"2020-04-20T20:28:23","guid":{"rendered":"http:\/\/associationdespsychologuesducher.org\/?page_id=1440"},"modified":"2025-03-16T14:08:27","modified_gmt":"2025-03-16T12:08:27","slug":"conseil-dadministration","status":"publish","type":"page","link":"https:\/\/associationdespsychologuesducher.org\/?page_id=1440","title":{"rendered":"Conseil d&rsquo;Administration"},"content":{"rendered":"\n<div style=\"height:45px\" aria-hidden=\"true\" class=\"wp-block-spacer\"><\/div>\n\n\n\n<p class=\"has-text-align-center has-blue-color has-text-color has-medium-font-size\"><strong>Composition du Conseil d\u2019Administration et du bureau <\/strong><\/p>\n\n\n\n<p class=\"has-text-align-center has-blue-color has-text-color has-medium-font-size\"><strong>(AG janvier 2025)<\/strong><\/p>\n\n\n\n<div style=\"height:30px\" aria-hidden=\"true\" class=\"wp-block-spacer\"><\/div>\n\n\n\n<ul class=\"wp-block-list\">\n<li><strong>Lamure Martine (pr\u00e9sidente) <\/strong><\/li>\n\n\n\n<li>Fondras Madeleine (Vice- Pr\u00e9sidente) <\/li>\n\n\n\n<li>Bertaud Florine (Secr\u00e9taire) <\/li>\n\n\n\n<li>Balmelli Dorine (Secr\u00e9taire Adjointe)<\/li>\n\n\n\n<li>Flament-Fournier Am\u00e9lie (Tr\u00e9sori\u00e8re)<\/li>\n\n\n\n<li>Oubry Yannicke (Tr\u00e9sori\u00e8re Adjointe)<\/li>\n\n\n\n<li>Sylla Olivier (Gestion du site internet)<\/li>\n\n\n\n<li>Berry Estelle<\/li>\n\n\n\n<li>Dheret Catherine<\/li>\n\n\n\n<li>Kan Agn\u00e8s<\/li>\n\n\n\n<li>Gros C\u00e9cilie<\/li>\n\n\n\n<li>Maupetit Catherine<\/li>\n\n\n\n<li>Poupier Christophe<\/li>\n<\/ul>\n","protected":false},"excerpt":{"rendered":"<p>Composition du Conseil d\u2019Administration et du bureau (AG janvier 2025)<\/p>\n","protected":false},"author":2,"featured_media":0,"parent":0,"menu_order":0,"comment_status":"closed","ping_status":"closed","template":"","meta":{"footnotes":""},"class_list":["post-1440","page","type-page","status-publish","hentry"],"_links":{"self":[{"href":"https:\/\/associationdespsychologuesducher.org\/index.php?rest_route=\/wp\/v2\/pages\/1440","targetHints":{"allow":["GET"]}}],"collection":[{"href":"https:\/\/associationdespsychologuesducher.org\/index.php?rest_route=\/wp\/v2\/pages"}],"about":[{"href":"https:\/\/associationdespsychologuesducher.org\/index.php?rest_route=\/wp\/v2\/types\/page"}],"author":[{"embeddable":true,"href":"https:\/\/associationdespsychologuesducher.org\/index.php?rest_route=\/wp\/v2\/users\/2"}],"replies":[{"embeddable":true,"href":"https:\/\/associationdespsychologuesducher.org\/index.php?rest_route=%2Fwp%2Fv2%2Fcomments&post=1440"}],"version-history":[{"count":11,"href":"https:\/\/associationdespsychologuesducher.org\/index.php?rest_route=\/wp\/v2\/pages\/1440\/revisions"}],"predecessor-version":[{"id":1952,"href":"https:\/\/associationdespsychologuesducher.org\/index.php?rest_route=\/wp\/v2\/pages\/1440\/revisions\/1952"}],"wp:attachment":[{"href":"https:\/\/associationdespsychologuesducher.org\/index.php?rest_route=%2Fwp%2Fv2%2Fmedia&parent=1440"}],"curies":[{"name":"wp","href":"https:\/\/api.w.org\/{rel}","templated":true}]}}