{"id":1438,"date":"2020-04-20T22:21:18","date_gmt":"2020-04-20T20:21:18","guid":{"rendered":"http:\/\/associationdespsychologuesducher.org\/?page_id=1438"},"modified":"2020-06-22T15:18:10","modified_gmt":"2020-06-22T13:18:10","slug":"objet-de-lassociation","status":"publish","type":"page","link":"https:\/\/associationdespsychologuesducher.org\/?page_id=1438","title":{"rendered":"Objet de l&rsquo;association"},"content":{"rendered":"\n<p>L\u2019Association des Psychologues du Cher a \u00e9t\u00e9 cr\u00e9\u00e9 en<strong> 2001<\/strong><\/p>\n\n\n\n<p><strong>Article 1 : L&rsquo;association a pour but de proposer un cadre permettant :  <\/strong><\/p>\n\n\n\n<ul class=\"wp-block-list\"><li>la connaissance mutuelle des psychologues du d\u00e9partement<\/li><li>une r\u00e9flexion sur les pratiques<\/li><li>la promotion de l\u2019expression de la psychologie<\/li><li>l\u2019information des publics<\/li><li>le soutien de l\u2019exercice de la psychologie<\/li><li>de faire conna\u00eetre le code de d\u00e9ontologie  <\/li><\/ul>\n","protected":false},"excerpt":{"rendered":"<p>L\u2019Association des Psychologues du Cher a \u00e9t\u00e9 cr\u00e9\u00e9 en 2001 Article 1 : L&rsquo;association a pour but de proposer un cadre permettant : la connaissance mutuelle des psychologues du d\u00e9partement une r\u00e9flexion sur les pratiques la promotion de l\u2019expression de &hellip; <a href=\"https:\/\/associationdespsychologuesducher.org\/?page_id=1438\">Continuer la lecture <span class=\"meta-nav\">&rarr;<\/span><\/a><\/p>\n","protected":false},"author":2,"featured_media":0,"parent":0,"menu_order":0,"comment_status":"closed","ping_status":"closed","template":"","meta":{"footnotes":""},"class_list":["post-1438","page","type-page","status-publish","hentry"],"_links":{"self":[{"href":"https:\/\/associationdespsychologuesducher.org\/index.php?rest_route=\/wp\/v2\/pages\/1438","targetHints":{"allow":["GET"]}}],"collection":[{"href":"https:\/\/associationdespsychologuesducher.org\/index.php?rest_route=\/wp\/v2\/pages"}],"about":[{"href":"https:\/\/associationdespsychologuesducher.org\/index.php?rest_route=\/wp\/v2\/types\/page"}],"author":[{"embeddable":true,"href":"https:\/\/associationdespsychologuesducher.org\/index.php?rest_route=\/wp\/v2\/users\/2"}],"replies":[{"embeddable":true,"href":"https:\/\/associationdespsychologuesducher.org\/index.php?rest_route=%2Fwp%2Fv2%2Fcomments&post=1438"}],"version-history":[{"count":3,"href":"https:\/\/associationdespsychologuesducher.org\/index.php?rest_route=\/wp\/v2\/pages\/1438\/revisions"}],"predecessor-version":[{"id":1533,"href":"https:\/\/associationdespsychologuesducher.org\/index.php?rest_route=\/wp\/v2\/pages\/1438\/revisions\/1533"}],"wp:attachment":[{"href":"https:\/\/associationdespsychologuesducher.org\/index.php?rest_route=%2Fwp%2Fv2%2Fmedia&parent=1438"}],"curies":[{"name":"wp","href":"https:\/\/api.w.org\/{rel}","templated":true}]}}