{"id":14,"date":"2012-08-21T15:38:14","date_gmt":"2012-08-21T13:38:14","guid":{"rendered":"http:\/\/associationdespsychologuesducher.org\/?page_id=14"},"modified":"2025-02-02T22:47:41","modified_gmt":"2025-02-02T20:47:41","slug":"offres-demploi","status":"publish","type":"page","link":"https:\/\/associationdespsychologuesducher.org\/?page_id=14","title":{"rendered":"Annonces"},"content":{"rendered":"\n<div style=\"height:49px\" aria-hidden=\"true\" class=\"wp-block-spacer\"><\/div>\n\n\n\n<p class=\"has-blue-color has-text-color has-background\" style=\"background-color:#f7ebca\"><strong><span class=\"has-inline-color has-black-color\">51\u00e8me journ\u00e9e interh\u00f4pitaux de l&rsquo;AESPA (CEMEA) le lundi 17 mars 2025<\/span><\/strong><\/p>\n\n\n\n<p>Th\u00e8me : \u00ab\u00a0Qu&rsquo;en est-il de l&rsquo;autonomie ?\u00a0\u00bb<\/p>\n\n\n\n<p>Lieu : IRFSSA \u00e0 Moulins<\/p>\n\n\n\n<p>T\u00e9l : 04.70.48.20.30<\/p>\n\n\n\n<p>Site : http:\/\/ln.cemea.org\/aespa-3 <\/p>\n\n\n\n<div data-wp-interactive=\"core\/file\" class=\"wp-block-file\"><object data-wp-bind--hidden=\"!state.hasPdfPreview\" hidden class=\"wp-block-file__embed\" data=\"http:\/\/associationdespsychologuesducher.org\/wp-content\/uploads\/AESPA-Plaquette-presentation-JIH-2025-Definitive-modifiee.pdf\" type=\"application\/pdf\" style=\"width:100%;height:600px\" aria-label=\"Contenu embarqu\u00e9 Contenu embarqu\u00e9 AESPA-Plaquette-presentation-JIH-2025-Definitive-modifiee..\"><\/object><a href=\"http:\/\/associationdespsychologuesducher.org\/wp-content\/uploads\/AESPA-Plaquette-presentation-JIH-2025-Definitive-modifiee.pdf\">AESPA-Plaquette-presentation-JIH-2025-Definitive-modifiee<\/a><a href=\"http:\/\/associationdespsychologuesducher.org\/wp-content\/uploads\/AESPA-Plaquette-presentation-JIH-2025-Definitive-modifiee.pdf\" class=\"wp-block-file__button\" download>T\u00e9l\u00e9charger<\/a><\/div>\n\n\n\n<div style=\"height:56px\" aria-hidden=\"true\" class=\"wp-block-spacer\"><\/div>\n\n\n\n<p class=\"has-text-align-center has-background\" style=\"background-color:#f7ebca\"><em>Pour qu&rsquo;une annonce soit publi\u00e9e, vous pouvez nous la communiquer par mail : <a href=\"mailto:psychologues18@hotmail.fr\">psychologues18@hotmail.fr<\/a><\/em><\/p>\n","protected":false},"excerpt":{"rendered":"<p>51\u00e8me journ\u00e9e interh\u00f4pitaux de l&rsquo;AESPA (CEMEA) le lundi 17 mars 2025 Th\u00e8me : \u00ab\u00a0Qu&rsquo;en est-il de l&rsquo;autonomie ?\u00a0\u00bb Lieu : IRFSSA \u00e0 Moulins T\u00e9l : 04.70.48.20.30 Site : http:\/\/ln.cemea.org\/aespa-3 Pour qu&rsquo;une annonce soit publi\u00e9e, vous pouvez nous la communiquer par &hellip; <a href=\"https:\/\/associationdespsychologuesducher.org\/?page_id=14\">Continuer la lecture <span class=\"meta-nav\">&rarr;<\/span><\/a><\/p>\n","protected":false},"author":2,"featured_media":0,"parent":0,"menu_order":3,"comment_status":"closed","ping_status":"open","template":"","meta":{"footnotes":""},"class_list":["post-14","page","type-page","status-publish","hentry"],"_links":{"self":[{"href":"https:\/\/associationdespsychologuesducher.org\/index.php?rest_route=\/wp\/v2\/pages\/14","targetHints":{"allow":["GET"]}}],"collection":[{"href":"https:\/\/associationdespsychologuesducher.org\/index.php?rest_route=\/wp\/v2\/pages"}],"about":[{"href":"https:\/\/associationdespsychologuesducher.org\/index.php?rest_route=\/wp\/v2\/types\/page"}],"author":[{"embeddable":true,"href":"https:\/\/associationdespsychologuesducher.org\/index.php?rest_route=\/wp\/v2\/users\/2"}],"replies":[{"embeddable":true,"href":"https:\/\/associationdespsychologuesducher.org\/index.php?rest_route=%2Fwp%2Fv2%2Fcomments&post=14"}],"version-history":[{"count":76,"href":"https:\/\/associationdespsychologuesducher.org\/index.php?rest_route=\/wp\/v2\/pages\/14\/revisions"}],"predecessor-version":[{"id":1943,"href":"https:\/\/associationdespsychologuesducher.org\/index.php?rest_route=\/wp\/v2\/pages\/14\/revisions\/1943"}],"wp:attachment":[{"href":"https:\/\/associationdespsychologuesducher.org\/index.php?rest_route=%2Fwp%2Fv2%2Fmedia&parent=14"}],"curies":[{"name":"wp","href":"https:\/\/api.w.org\/{rel}","templated":true}]}}